{"id":2,"date":"2018-06-11T15:22:23","date_gmt":"2018-06-11T15:22:23","guid":{"rendered":"http:\/\/www.festiwalkwiatow.zabrze.pl\/?page_id=2"},"modified":"2018-06-29T11:46:30","modified_gmt":"2018-06-29T11:46:30","slug":"about","status":"publish","type":"page","link":"https:\/\/www.festiwalkwiatow.zabrze.pl\/?page_id=2","title":{"rendered":"Kontakt"},"content":{"rendered":"<p style=\"text-align: center;\">G\u0142\u00f3wnym organizatorem Festiwalu Kwiat\u00f3w jest:<\/p>\n<p style=\"text-align: center;\"><strong>Centrum Organizaji Pozarz\u0105dowych<br \/>\n<\/strong>ul. Kazimierza Brodzi\u0144skiego 4<br \/>\n41-800 Zabrze<\/p>\n<p style=\"text-align: center;\">tel: 32 271 04 74<br \/>\ntel. kom: 512 240 287<br \/>\ncopzabrze@gmail.com<\/p>\n<p>&nbsp;<\/p>\n<p style=\"text-align: center;\">Festiwal Kwiat\u00f3w odbywa si\u0119 w:<\/p>\n<p style=\"text-align: center;\"><strong>Miejski Ogr\u00f3d Botaniczny w Zabrzu<\/strong><br \/>\nul. Pi\u0142sudskiego 60.<br \/>\n41-800 Zabrze<br \/>\nTel. 32 2713033<br \/>\nE-mail: ogrod@mob.zabrze.pl<\/p>\n<p style=\"text-align: center;\">\n","protected":false},"excerpt":{"rendered":"<p>G\u0142\u00f3wnym organizatorem Festiwalu Kwiat\u00f3w jest: Centrum Organizaji Pozarz\u0105dowych ul. Kazimierza Brodzi\u0144skiego 4 41-800 Zabrze tel: 32 271 04 74 tel. kom: 512 240 287 copzabrze@gmail.com &nbsp; Festiwal Kwiat\u00f3w odbywa si\u0119 w: Miejski Ogr\u00f3d Botaniczny w Zabrzu ul. Pi\u0142sudskiego 60. 41-800 Zabrze Tel. 32 2713033 E-mail: ogrod@mob.zabrze.pl<\/p>\n","protected":false},"author":1,"featured_media":0,"parent":0,"menu_order":0,"comment_status":"open","ping_status":"open","template":"","meta":{"jetpack_post_was_ever_published":false,"footnotes":""},"class_list":["post-2","page","type-page","status-publish","hentry"],"jetpack_sharing_enabled":true,"jetpack_shortlink":"https:\/\/wp.me\/Pa24W5-2","jetpack-related-posts":[],"_links":{"self":[{"href":"https:\/\/www.festiwalkwiatow.zabrze.pl\/index.php?rest_route=\/wp\/v2\/pages\/2","targetHints":{"allow":["GET"]}}],"collection":[{"href":"https:\/\/www.festiwalkwiatow.zabrze.pl\/index.php?rest_route=\/wp\/v2\/pages"}],"about":[{"href":"https:\/\/www.festiwalkwiatow.zabrze.pl\/index.php?rest_route=\/wp\/v2\/types\/page"}],"author":[{"embeddable":true,"href":"https:\/\/www.festiwalkwiatow.zabrze.pl\/index.php?rest_route=\/wp\/v2\/users\/1"}],"replies":[{"embeddable":true,"href":"https:\/\/www.festiwalkwiatow.zabrze.pl\/index.php?rest_route=%2Fwp%2Fv2%2Fcomments&post=2"}],"version-history":[{"count":3,"href":"https:\/\/www.festiwalkwiatow.zabrze.pl\/index.php?rest_route=\/wp\/v2\/pages\/2\/revisions"}],"predecessor-version":[{"id":23,"href":"https:\/\/www.festiwalkwiatow.zabrze.pl\/index.php?rest_route=\/wp\/v2\/pages\/2\/revisions\/23"}],"wp:attachment":[{"href":"https:\/\/www.festiwalkwiatow.zabrze.pl\/index.php?rest_route=%2Fwp%2Fv2%2Fmedia&parent=2"}],"curies":[{"name":"wp","href":"https:\/\/api.w.org\/{rel}","templated":true}]}}