{"id":19,"date":"2018-06-29T11:45:54","date_gmt":"2018-06-29T11:45:54","guid":{"rendered":"http:\/\/www.festiwalkwiatow.zabrze.pl\/?page_id=19"},"modified":"2018-07-04T12:18:20","modified_gmt":"2018-07-04T12:18:20","slug":"o-festiwalu","status":"publish","type":"page","link":"https:\/\/www.festiwalkwiatow.zabrze.pl\/?page_id=19","title":{"rendered":"O Festiwalu"},"content":{"rendered":"<p><strong>Festiwal Kwiat\u00f3w\u00a0<\/strong>to wyj\u0105tkowa impreza odbywaj\u0105ca si\u0119 co roku w Miejskim Ogrodzie Botanicznym w Zabrzu. Z jednej strony oferuje stanowiska szeregu wystawc\u00f3w i r\u0119kodzielnik\u00f3w, z drugiej strony &#8211; spotkanie z muzyk\u0105, teatrem, poezj\u0105 i sztuk\u0105.<\/p>\n<div class=\"text\">\n<p>&nbsp;<\/p>\n<\/div>\n","protected":false},"excerpt":{"rendered":"<p>Festiwal Kwiat\u00f3w\u00a0to wyj\u0105tkowa impreza odbywaj\u0105ca si\u0119 co roku w Miejskim Ogrodzie Botanicznym w Zabrzu. Z jednej strony oferuje stanowiska szeregu wystawc\u00f3w i r\u0119kodzielnik\u00f3w, z drugiej strony &#8211; spotkanie z muzyk\u0105, teatrem, poezj\u0105 i sztuk\u0105. &nbsp;<\/p>\n","protected":false},"author":1,"featured_media":72,"parent":0,"menu_order":0,"comment_status":"closed","ping_status":"closed","template":"","meta":{"jetpack_post_was_ever_published":false,"footnotes":""},"class_list":["post-19","page","type-page","status-publish","has-post-thumbnail","hentry"],"jetpack_sharing_enabled":true,"jetpack_shortlink":"https:\/\/wp.me\/Pa24W5-j","jetpack-related-posts":[],"_links":{"self":[{"href":"https:\/\/www.festiwalkwiatow.zabrze.pl\/index.php?rest_route=\/wp\/v2\/pages\/19","targetHints":{"allow":["GET"]}}],"collection":[{"href":"https:\/\/www.festiwalkwiatow.zabrze.pl\/index.php?rest_route=\/wp\/v2\/pages"}],"about":[{"href":"https:\/\/www.festiwalkwiatow.zabrze.pl\/index.php?rest_route=\/wp\/v2\/types\/page"}],"author":[{"embeddable":true,"href":"https:\/\/www.festiwalkwiatow.zabrze.pl\/index.php?rest_route=\/wp\/v2\/users\/1"}],"replies":[{"embeddable":true,"href":"https:\/\/www.festiwalkwiatow.zabrze.pl\/index.php?rest_route=%2Fwp%2Fv2%2Fcomments&post=19"}],"version-history":[{"count":4,"href":"https:\/\/www.festiwalkwiatow.zabrze.pl\/index.php?rest_route=\/wp\/v2\/pages\/19\/revisions"}],"predecessor-version":[{"id":435,"href":"https:\/\/www.festiwalkwiatow.zabrze.pl\/index.php?rest_route=\/wp\/v2\/pages\/19\/revisions\/435"}],"wp:featuredmedia":[{"embeddable":true,"href":"https:\/\/www.festiwalkwiatow.zabrze.pl\/index.php?rest_route=\/wp\/v2\/media\/72"}],"wp:attachment":[{"href":"https:\/\/www.festiwalkwiatow.zabrze.pl\/index.php?rest_route=%2Fwp%2Fv2%2Fmedia&parent=19"}],"curies":[{"name":"wp","href":"https:\/\/api.w.org\/{rel}","templated":true}]}}